{"id":162,"date":"2021-07-09T13:53:29","date_gmt":"2021-07-09T11:53:29","guid":{"rendered":"https:\/\/bodyclad.de\/?page_id=162"},"modified":"2025-04-22T22:35:41","modified_gmt":"2025-04-22T20:35:41","slug":"oberflaechen-fuer-hoechsten-verschleiss-und-schlagschutz","status":"publish","type":"page","link":"https:\/\/bodyclad.de\/de\/","title":{"rendered":"Oberfl\u00e4chen f\u00fcr h\u00f6chsten Verschlei\u00df- und Schlagschutz"},"content":{"rendered":"","protected":false},"excerpt":{"rendered":"","protected":false},"author":1,"featured_media":1603,"parent":0,"menu_order":0,"comment_status":"closed","ping_status":"closed","template":"","meta":[],"yoast_head":"<!-- This site is optimized with the Yoast SEO plugin v15.8 - https:\/\/yoast.com\/wordpress\/plugins\/seo\/ -->\n<title>Oberfl\u00e4chen f\u00fcr h\u00f6chsten Verschlei\u00df- und Schlagschutz - Bodyclad<\/title>\n<meta name=\"robots\" content=\"index, follow, max-snippet:-1, max-image-preview:large, max-video-preview:-1\" \/>\n<link rel=\"canonical\" href=\"https:\/\/bodyclad.de\/de\/\" \/>\n<meta property=\"og:locale\" content=\"de_DE\" \/>\n<meta property=\"og:type\" content=\"article\" \/>\n<meta property=\"og:title\" content=\"Oberfl\u00e4chen f\u00fcr h\u00f6chsten Verschlei\u00df- und Schlagschutz - Bodyclad\" \/>\n<meta property=\"og:url\" content=\"https:\/\/bodyclad.de\/de\/\" \/>\n<meta property=\"og:site_name\" content=\"Bodyclad\" \/>\n<meta property=\"article:modified_time\" content=\"2025-04-22T20:35:41+00:00\" \/>\n<meta property=\"og:image\" content=\"https:\/\/bodyclad.de\/\/app\/uploads\/2025\/01\/Home2-scaled.jpg\" \/>\n\t<meta property=\"og:image:width\" content=\"2560\" \/>\n\t<meta property=\"og:image:height\" content=\"703\" \/>\n<meta name=\"twitter:card\" content=\"summary_large_image\" \/>\n<script type=\"application\/ld+json\" class=\"yoast-schema-graph\">{\"@context\":\"https:\/\/schema.org\",\"@graph\":[{\"@type\":\"WebSite\",\"@id\":\"https:\/\/bodyclad.de\/#website\",\"url\":\"https:\/\/bodyclad.de\/\",\"name\":\"Bodyclad\",\"description\":\"\",\"potentialAction\":[{\"@type\":\"SearchAction\",\"target\":\"https:\/\/bodyclad.de\/?s={search_term_string}\",\"query-input\":\"required name=search_term_string\"}],\"inLanguage\":\"de-DE\"},{\"@type\":\"ImageObject\",\"@id\":\"https:\/\/bodyclad.de\/de\/#primaryimage\",\"inLanguage\":\"de-DE\",\"url\":\"https:\/\/bodyclad.de\/\/app\/uploads\/2025\/01\/Home2.png\",\"width\":2793,\"height\":767},{\"@type\":\"WebPage\",\"@id\":\"https:\/\/bodyclad.de\/de\/#webpage\",\"url\":\"https:\/\/bodyclad.de\/de\/\",\"name\":\"Oberfl\\u00e4chen f\\u00fcr h\\u00f6chsten Verschlei\\u00df- und Schlagschutz - Bodyclad\",\"isPartOf\":{\"@id\":\"https:\/\/bodyclad.de\/#website\"},\"primaryImageOfPage\":{\"@id\":\"https:\/\/bodyclad.de\/de\/#primaryimage\"},\"datePublished\":\"2021-07-09T11:53:29+00:00\",\"dateModified\":\"2025-04-22T20:35:41+00:00\",\"breadcrumb\":{\"@id\":\"https:\/\/bodyclad.de\/de\/#breadcrumb\"},\"inLanguage\":\"de-DE\",\"potentialAction\":[{\"@type\":\"ReadAction\",\"target\":[\"https:\/\/bodyclad.de\/de\/\"]}]},{\"@type\":\"BreadcrumbList\",\"@id\":\"https:\/\/bodyclad.de\/de\/#breadcrumb\",\"itemListElement\":[{\"@type\":\"ListItem\",\"position\":1,\"item\":{\"@type\":\"WebPage\",\"@id\":\"https:\/\/bodyclad.de\/de\/\",\"url\":\"https:\/\/bodyclad.de\/de\/\",\"name\":\"Home\"}},{\"@type\":\"ListItem\",\"position\":2,\"item\":{\"@type\":\"WebPage\",\"@id\":\"https:\/\/bodyclad.de\/de\/\",\"url\":\"https:\/\/bodyclad.de\/de\/\",\"name\":\"Oberfl\\u00e4chen f\\u00fcr h\\u00f6chsten Verschlei\\u00df- und Schlagschutz\"}}]}]}<\/script>\n<!-- \/ Yoast SEO plugin. -->","_links":{"self":[{"href":"https:\/\/bodyclad.de\/de\/wp-json\/wp\/v2\/pages\/162"}],"collection":[{"href":"https:\/\/bodyclad.de\/de\/wp-json\/wp\/v2\/pages"}],"about":[{"href":"https:\/\/bodyclad.de\/de\/wp-json\/wp\/v2\/types\/page"}],"author":[{"embeddable":true,"href":"https:\/\/bodyclad.de\/de\/wp-json\/wp\/v2\/users\/1"}],"replies":[{"embeddable":true,"href":"https:\/\/bodyclad.de\/de\/wp-json\/wp\/v2\/comments?post=162"}],"version-history":[{"count":41,"href":"https:\/\/bodyclad.de\/de\/wp-json\/wp\/v2\/pages\/162\/revisions"}],"predecessor-version":[{"id":1619,"href":"https:\/\/bodyclad.de\/de\/wp-json\/wp\/v2\/pages\/162\/revisions\/1619"}],"wp:featuredmedia":[{"embeddable":true,"href":"https:\/\/bodyclad.de\/de\/wp-json\/wp\/v2\/media\/1603"}],"wp:attachment":[{"href":"https:\/\/bodyclad.de\/de\/wp-json\/wp\/v2\/media?parent=162"}],"curies":[{"name":"wp","href":"https:\/\/api.w.org\/{rel}","templated":true}]}}